{"id":183,"date":"2025-10-21T14:57:23","date_gmt":"2025-10-21T17:57:23","guid":{"rendered":"https:\/\/www.aesbe.org.br\/universalizar\/?page_id=183"},"modified":"2025-11-03T16:20:38","modified_gmt":"2025-11-03T19:20:38","slug":"sobre-o-evento","status":"publish","type":"page","link":"https:\/\/www.aesbe.org.br\/universalizar\/sobre-o-evento\/","title":{"rendered":"Sobre o evento"},"content":{"rendered":"\t\t<div data-elementor-type=\"wp-page\" data-elementor-id=\"183\" class=\"elementor elementor-183\" data-elementor-post-type=\"page\">\n\t\t\t\t\t\t<section class=\"elementor-section elementor-top-section elementor-element elementor-element-fcc1097 elementor-section-boxed elementor-section-height-default elementor-section-height-default\" data-id=\"fcc1097\" data-element_type=\"section\" data-settings=\"{&quot;background_background&quot;:&quot;classic&quot;}\">\n\t\t\t\t\t\t<div class=\"elementor-container elementor-column-gap-default\">\n\t\t\t\t\t<div class=\"elementor-column elementor-col-100 elementor-top-column elementor-element elementor-element-c165640\" data-id=\"c165640\" data-element_type=\"column\">\n\t\t\t<div class=\"elementor-widget-wrap elementor-element-populated\">\n\t\t\t\t\t\t<section class=\"elementor-section elementor-inner-section elementor-element elementor-element-c8dc485 elementor-section-boxed elementor-section-height-default elementor-section-height-default\" data-id=\"c8dc485\" data-element_type=\"section\">\n\t\t\t\t\t\t<div class=\"elementor-container elementor-column-gap-default\">\n\t\t\t\t\t<div class=\"elementor-column elementor-col-50 elementor-inner-column elementor-element elementor-element-8cf43af\" data-id=\"8cf43af\" data-element_type=\"column\">\n\t\t\t<div class=\"elementor-widget-wrap elementor-element-populated\">\n\t\t\t\t\t\t<div class=\"elementor-element elementor-element-8befa26 elementor-widget elementor-widget-image\" data-id=\"8befa26\" data-element_type=\"widget\" data-widget_type=\"image.default\">\n\t\t\t\t<div class=\"elementor-widget-container\">\n\t\t\t\t\t\t\t\t\t\t\t\t\t\t\t<img decoding=\"async\" width=\"450\" height=\"100\" src=\"https:\/\/www.aesbe.org.br\/universalizar\/wp-content\/uploads\/2025\/11\/aesbe-4.png\" class=\"attachment-large size-large wp-image-430\" alt=\"\" srcset=\"https:\/\/www.aesbe.org.br\/universalizar\/wp-content\/uploads\/2025\/11\/aesbe-4.png 450w, https:\/\/www.aesbe.org.br\/universalizar\/wp-content\/uploads\/2025\/11\/aesbe-4-300x67.png 300w\" sizes=\"(max-width: 450px) 100vw, 450px\" \/>\t\t\t\t\t\t\t\t\t\t\t\t\t\t\t<\/div>\n\t\t\t\t<\/div>\n\t\t\t\t\t<\/div>\n\t\t<\/div>\n\t\t\t\t<div class=\"elementor-column elementor-col-50 elementor-inner-column elementor-element elementor-element-5fd04df\" data-id=\"5fd04df\" data-element_type=\"column\">\n\t\t\t<div class=\"elementor-widget-wrap elementor-element-populated\">\n\t\t\t\t\t\t<div class=\"elementor-element elementor-element-6b49cdb elementor-nav-menu--dropdown-tablet elementor-nav-menu__text-align-aside elementor-nav-menu--toggle elementor-nav-menu--burger elementor-widget elementor-widget-nav-menu\" data-id=\"6b49cdb\" data-element_type=\"widget\" data-settings=\"{&quot;layout&quot;:&quot;horizontal&quot;,&quot;submenu_icon&quot;:{&quot;value&quot;:&quot;&lt;svg class=\\&quot;e-font-icon-svg e-fas-caret-down\\&quot; viewBox=\\&quot;0 0 320 512\\&quot; xmlns=\\&quot;http:\\\/\\\/www.w3.org\\\/2000\\\/svg\\&quot;&gt;&lt;path d=\\&quot;M31.3 192h257.3c17.8 0 26.7 21.5 14.1 34.1L174.1 354.8c-7.8 7.8-20.5 7.8-28.3 0L17.2 226.1C4.6 213.5 13.5 192 31.3 192z\\&quot;&gt;&lt;\\\/path&gt;&lt;\\\/svg&gt;&quot;,&quot;library&quot;:&quot;fa-solid&quot;},&quot;toggle&quot;:&quot;burger&quot;}\" data-widget_type=\"nav-menu.default\">\n\t\t\t\t<div class=\"elementor-widget-container\">\n\t\t\t\t\t\t\t\t<nav aria-label=\"Menu\" class=\"elementor-nav-menu--main elementor-nav-menu__container elementor-nav-menu--layout-horizontal e--pointer-none\">\n\t\t\t\t<ul id=\"menu-1-6b49cdb\" class=\"elementor-nav-menu\"><li class=\"menu-item menu-item-type-post_type menu-item-object-page menu-item-home menu-item-50\"><a href=\"https:\/\/www.aesbe.org.br\/universalizar\/\" class=\"elementor-item\">Home<\/a><\/li>\n<li class=\"menu-item menu-item-type-post_type menu-item-object-page menu-item-237\"><a href=\"https:\/\/www.aesbe.org.br\/universalizar\/sobre-o-evento\/\" class=\"elementor-item\">O evento<\/a><\/li>\n<li class=\"menu-item menu-item-type-post_type menu-item-object-page menu-item-238\"><a href=\"https:\/\/www.aesbe.org.br\/universalizar\/programacao\/\" class=\"elementor-item\">Programa\u00e7\u00e3o<\/a><\/li>\n<li class=\"menu-item menu-item-type-post_type menu-item-object-page menu-item-239\"><a href=\"https:\/\/www.aesbe.org.br\/universalizar\/patrocinadores\/\" class=\"elementor-item\">Patrocinadores<\/a><\/li>\n<li class=\"menu-item menu-item-type-custom menu-item-object-custom menu-item-46\"><a href=\"https:\/\/app.ciaticket.com.br\/e\/SEMINARIOAESBE41ANOS\" class=\"elementor-item\">Inscri\u00e7\u00f5es<\/a><\/li>\n<li class=\"menu-item menu-item-type-custom menu-item-object-custom menu-item-47\"><a href=\"https:\/\/www.aesbe.org.br\/universalizar\/home-atual\/#informacoes\" class=\"elementor-item elementor-item-anchor\">Informa\u00e7\u00f5es<\/a><\/li>\n<li class=\"menu-item menu-item-type-custom menu-item-object-custom menu-item-49\"><a href=\"https:\/\/www.aesbe.org.br\/universalizar\/home-atual\/#contato\" class=\"elementor-item elementor-item-anchor\">Contato<\/a><\/li>\n<\/ul>\t\t\t<\/nav>\n\t\t\t\t\t<div class=\"elementor-menu-toggle\" role=\"button\" tabindex=\"0\" aria-label=\"Alternar menu\" aria-expanded=\"false\">\n\t\t\t<svg aria-hidden=\"true\" role=\"presentation\" class=\"elementor-menu-toggle__icon--open e-font-icon-svg e-eicon-menu-bar\" viewBox=\"0 0 1000 1000\" xmlns=\"http:\/\/www.w3.org\/2000\/svg\"><path d=\"M104 333H896C929 333 958 304 958 271S929 208 896 208H104C71 208 42 237 42 271S71 333 104 333ZM104 583H896C929 583 958 554 958 521S929 458 896 458H104C71 458 42 487 42 521S71 583 104 583ZM104 833H896C929 833 958 804 958 771S929 708 896 708H104C71 708 42 737 42 771S71 833 104 833Z\"><\/path><\/svg><svg aria-hidden=\"true\" role=\"presentation\" class=\"elementor-menu-toggle__icon--close e-font-icon-svg e-eicon-close\" viewBox=\"0 0 1000 1000\" xmlns=\"http:\/\/www.w3.org\/2000\/svg\"><path d=\"M742 167L500 408 258 167C246 154 233 150 217 150 196 150 179 158 167 167 154 179 150 196 150 212 150 229 154 242 171 254L408 500 167 742C138 771 138 800 167 829 196 858 225 858 254 829L496 587 738 829C750 842 767 846 783 846 800 846 817 842 829 829 842 817 846 804 846 783 846 767 842 750 829 737L588 500 833 258C863 229 863 200 833 171 804 137 775 137 742 167Z\"><\/path><\/svg>\t\t<\/div>\n\t\t\t\t\t<nav class=\"elementor-nav-menu--dropdown elementor-nav-menu__container\" aria-hidden=\"true\">\n\t\t\t\t<ul id=\"menu-2-6b49cdb\" class=\"elementor-nav-menu\"><li class=\"menu-item menu-item-type-post_type menu-item-object-page menu-item-home menu-item-50\"><a href=\"https:\/\/www.aesbe.org.br\/universalizar\/\" class=\"elementor-item\" tabindex=\"-1\">Home<\/a><\/li>\n<li class=\"menu-item menu-item-type-post_type menu-item-object-page menu-item-237\"><a href=\"https:\/\/www.aesbe.org.br\/universalizar\/sobre-o-evento\/\" class=\"elementor-item\" tabindex=\"-1\">O evento<\/a><\/li>\n<li class=\"menu-item menu-item-type-post_type menu-item-object-page menu-item-238\"><a href=\"https:\/\/www.aesbe.org.br\/universalizar\/programacao\/\" class=\"elementor-item\" tabindex=\"-1\">Programa\u00e7\u00e3o<\/a><\/li>\n<li class=\"menu-item menu-item-type-post_type menu-item-object-page menu-item-239\"><a href=\"https:\/\/www.aesbe.org.br\/universalizar\/patrocinadores\/\" class=\"elementor-item\" tabindex=\"-1\">Patrocinadores<\/a><\/li>\n<li class=\"menu-item menu-item-type-custom menu-item-object-custom menu-item-46\"><a href=\"https:\/\/app.ciaticket.com.br\/e\/SEMINARIOAESBE41ANOS\" class=\"elementor-item\" tabindex=\"-1\">Inscri\u00e7\u00f5es<\/a><\/li>\n<li class=\"menu-item menu-item-type-custom menu-item-object-custom menu-item-47\"><a href=\"https:\/\/www.aesbe.org.br\/universalizar\/home-atual\/#informacoes\" class=\"elementor-item elementor-item-anchor\" tabindex=\"-1\">Informa\u00e7\u00f5es<\/a><\/li>\n<li class=\"menu-item menu-item-type-custom menu-item-object-custom menu-item-49\"><a href=\"https:\/\/www.aesbe.org.br\/universalizar\/home-atual\/#contato\" class=\"elementor-item elementor-item-anchor\" tabindex=\"-1\">Contato<\/a><\/li>\n<\/ul>\t\t\t<\/nav>\n\t\t\t\t\t\t<\/div>\n\t\t\t\t<\/div>\n\t\t\t\t\t<\/div>\n\t\t<\/div>\n\t\t\t\t\t<\/div>\n\t\t<\/section>\n\t\t\t\t<div class=\"elementor-element elementor-element-dad9906 elementor-widget elementor-widget-spacer\" data-id=\"dad9906\" data-element_type=\"widget\" data-widget_type=\"spacer.default\">\n\t\t\t\t<div class=\"elementor-widget-container\">\n\t\t\t\t\t\t\t<div class=\"elementor-spacer\">\n\t\t\t<div class=\"elementor-spacer-inner\"><\/div>\n\t\t<\/div>\n\t\t\t\t\t\t<\/div>\n\t\t\t\t<\/div>\n\t\t\t\t<div class=\"elementor-element elementor-element-1a912b9 elementor-widget elementor-widget-heading\" data-id=\"1a912b9\" data-element_type=\"widget\" data-widget_type=\"heading.default\">\n\t\t\t\t<div class=\"elementor-widget-container\">\n\t\t\t\t\t<h2 class=\"elementor-heading-title elementor-size-default\">O Evento<\/h2>\t\t\t\t<\/div>\n\t\t\t\t<\/div>\n\t\t\t\t\t<\/div>\n\t\t<\/div>\n\t\t\t\t\t<\/div>\n\t\t<\/section>\n\t\t\t\t<section class=\"elementor-section elementor-top-section elementor-element elementor-element-f4866a3 elementor-section-full_width elementor-section-height-min-height elementor-section-height-default elementor-section-items-middle\" data-id=\"f4866a3\" data-element_type=\"section\" data-settings=\"{&quot;background_background&quot;:&quot;classic&quot;}\">\n\t\t\t\t\t\t<div class=\"elementor-container elementor-column-gap-default\">\n\t\t\t\t\t<div class=\"elementor-column elementor-col-100 elementor-top-column elementor-element elementor-element-d63a291\" data-id=\"d63a291\" data-element_type=\"column\">\n\t\t\t<div class=\"elementor-widget-wrap\">\n\t\t\t\t\t\t\t<\/div>\n\t\t<\/div>\n\t\t\t\t\t<\/div>\n\t\t<\/section>\n\t\t\t\t<section class=\"elementor-section elementor-top-section elementor-element elementor-element-d564da6 elementor-section-boxed elementor-section-height-default elementor-section-height-default\" data-id=\"d564da6\" data-element_type=\"section\">\n\t\t\t\t\t\t<div class=\"elementor-container elementor-column-gap-default\">\n\t\t\t\t\t<div class=\"elementor-column elementor-col-100 elementor-top-column elementor-element elementor-element-aededc2\" data-id=\"aededc2\" data-element_type=\"column\">\n\t\t\t<div class=\"elementor-widget-wrap elementor-element-populated\">\n\t\t\t\t\t\t<div class=\"elementor-element elementor-element-ca83d52 gradiente elementor-widget elementor-widget-heading\" data-id=\"ca83d52\" data-element_type=\"widget\" data-widget_type=\"heading.default\">\n\t\t\t\t<div class=\"elementor-widget-container\">\n\t\t\t\t\t<h2 class=\"elementor-heading-title elementor-size-default\">Sobre o evento<\/h2>\t\t\t\t<\/div>\n\t\t\t\t<\/div>\n\t\t\t\t<div class=\"elementor-element elementor-element-29b0d2d elementor-widget elementor-widget-text-editor\" data-id=\"29b0d2d\" data-element_type=\"widget\" data-widget_type=\"text-editor.default\">\n\t\t\t\t<div class=\"elementor-widget-container\">\n\t\t\t\t\t\t\t\t\t<p>Tema: \u201cUniversalizar com Justi\u00e7a Clim\u00e1tica &#8211; o Brasil p\u00f3s-COP30\u201d<\/p>\t\t\t\t\t\t\t\t<\/div>\n\t\t\t\t<\/div>\n\t\t\t\t<div class=\"elementor-element elementor-element-b84b1c8 elementor-widget elementor-widget-text-editor\" data-id=\"b84b1c8\" data-element_type=\"widget\" data-widget_type=\"text-editor.default\">\n\t\t\t\t<div class=\"elementor-widget-container\">\n\t\t\t\t\t\t\t\t\t<p>O Semin\u00e1rio Nacional Universalizar \u2013 Aesbe 41 anos re\u00fane lideran\u00e7as p\u00fablicas e privadas,<\/p><p>reguladores, especialistas e a comunidade t\u00e9cnico-cient\u00edfica para debater caminhos concretos rumo<\/p><p>\u00e0 universaliza\u00e7\u00e3o do saneamento com justi\u00e7a clim\u00e1tica, inova\u00e7\u00e3o e efici\u00eancia \u2028\u2028<\/p>\t\t\t\t\t\t\t\t<\/div>\n\t\t\t\t<\/div>\n\t\t\t\t<div class=\"elementor-element elementor-element-4103c02 elementor-widget elementor-widget-image\" data-id=\"4103c02\" data-element_type=\"widget\" data-widget_type=\"image.default\">\n\t\t\t\t<div class=\"elementor-widget-container\">\n\t\t\t\t\t\t\t\t\t\t\t\t<figure class=\"wp-caption\">\n\t\t\t\t\t\t\t\t\t\t<img fetchpriority=\"high\" decoding=\"async\" width=\"1401\" height=\"549\" src=\"https:\/\/www.aesbe.org.br\/universalizar\/wp-content\/uploads\/2025\/10\/dh3jk2lsd.png\" class=\"attachment-full size-full wp-image-187\" alt=\"\" srcset=\"https:\/\/www.aesbe.org.br\/universalizar\/wp-content\/uploads\/2025\/10\/dh3jk2lsd.png 1401w, https:\/\/www.aesbe.org.br\/universalizar\/wp-content\/uploads\/2025\/10\/dh3jk2lsd-300x118.png 300w, https:\/\/www.aesbe.org.br\/universalizar\/wp-content\/uploads\/2025\/10\/dh3jk2lsd-1024x401.png 1024w, https:\/\/www.aesbe.org.br\/universalizar\/wp-content\/uploads\/2025\/10\/dh3jk2lsd-768x301.png 768w\" sizes=\"(max-width: 1401px) 100vw, 1401px\" \/>\t\t\t\t\t\t\t\t\t\t\t<figcaption class=\"widget-image-caption wp-caption-text\">Painel de apresenta\u00e7\u00e3o AESBE 40 Anos  \u2014 Foto: Reprodu\u00e7\u00e3o \/ Nome<\/figcaption>\n\t\t\t\t\t\t\t\t\t\t<\/figure>\n\t\t\t\t\t\t\t\t\t<\/div>\n\t\t\t\t<\/div>\n\t\t\t\t<div class=\"elementor-element elementor-element-53bcbc5 elementor-widget elementor-widget-text-editor\" data-id=\"53bcbc5\" data-element_type=\"widget\" data-widget_type=\"text-editor.default\">\n\t\t\t\t<div class=\"elementor-widget-container\">\n\t\t\t\t\t\t\t\t\t<p>Em 2025, o evento tem como tema \u201cUniversalizar com Justi\u00e7a Clim\u00e1tica &#8211; o Brasil p\u00f3s- COP30\u201d, para destacar os desdobramentos do p\u00f3s-COP30 e propor uma agenda pr\u00e1tica para o setor, organizada em eixos que tratam de seguran\u00e7a h\u00eddrica, meio ambiente, justi\u00e7a ambiental, transi\u00e7\u00e3o energ\u00e9tica, inova\u00e7\u00e3o, comunica\u00e7\u00e3o, seguran\u00e7a jur\u00eddica e regula\u00e7\u00e3o. Ser\u00e3o pain\u00e9is e cases que conectam pol\u00edticas p\u00fablicas, tecnologia e financiamento, com foco em resultados mensur\u00e1veis para a popula\u00e7\u00e3o.<br \/><br \/>Com a participa\u00e7\u00e3o de representantes das 25 empresas associadas \u00e0 Aesbe, autoridades, parceiros institucionais, pesquisadores e expositores, o evento promove networking qualificado e a troca de experi\u00eancias que impulsionam projetos em todo o pa\u00eds. Participe e contribua para um saneamento mais resiliente, inclusivo e sustent\u00e1vel no Brasil.<\/p>\t\t\t\t\t\t\t\t<\/div>\n\t\t\t\t<\/div>\n\t\t\t\t<div class=\"elementor-element elementor-element-571d48f elementor-align-center elementor-widget__width-initial elementor-widget elementor-widget-button\" data-id=\"571d48f\" data-element_type=\"widget\" data-widget_type=\"button.default\">\n\t\t\t\t<div class=\"elementor-widget-container\">\n\t\t\t\t\t\t\t\t\t<div class=\"elementor-button-wrapper\">\n\t\t\t\t\t<a class=\"elementor-button elementor-button-link elementor-size-sm\" href=\"https:\/\/www.aesbe.org.br\/universalizar\/home-atual\/#eixos\">\n\t\t\t\t\t\t<span class=\"elementor-button-content-wrapper\">\n\t\t\t\t\t\t<span class=\"elementor-button-icon\">\n\t\t\t\t<svg aria-hidden=\"true\" class=\"e-font-icon-svg e-fas-arrow-circle-right\" viewBox=\"0 0 512 512\" xmlns=\"http:\/\/www.w3.org\/2000\/svg\"><path d=\"M256 8c137 0 248 111 248 248S393 504 256 504 8 393 8 256 119 8 256 8zm-28.9 143.6l75.5 72.4H120c-13.3 0-24 10.7-24 24v16c0 13.3 10.7 24 24 24h182.6l-75.5 72.4c-9.7 9.3-9.9 24.8-.4 34.3l11 10.9c9.4 9.4 24.6 9.4 33.9 0L404.3 273c9.4-9.4 9.4-24.6 0-33.9L271.6 106.3c-9.4-9.4-24.6-9.4-33.9 0l-11 10.9c-9.5 9.6-9.3 25.1.4 34.4z\"><\/path><\/svg>\t\t\t<\/span>\n\t\t\t\t\t\t\t\t\t<span class=\"elementor-button-text\">Veja os eixos de debate<\/span>\n\t\t\t\t\t<\/span>\n\t\t\t\t\t<\/a>\n\t\t\t\t<\/div>\n\t\t\t\t\t\t\t\t<\/div>\n\t\t\t\t<\/div>\n\t\t\t\t\t<\/div>\n\t\t<\/div>\n\t\t\t\t\t<\/div>\n\t\t<\/section>\n\t\t\t\t<\/div>\n\t\t","protected":false},"excerpt":{"rendered":"<p>O Evento Sobre o evento Tema: \u201cUniversalizar com Justi\u00e7a Clim\u00e1tica &#8211; o Brasil p\u00f3s-COP30\u201d O Semin\u00e1rio Nacional Universalizar \u2013 Aesbe 41 anos re\u00fane lideran\u00e7as p\u00fablicas e privadas, reguladores, especialistas e a comunidade t\u00e9cnico-cient\u00edfica para debater caminhos concretos rumo \u00e0 universaliza\u00e7\u00e3o do saneamento com justi\u00e7a clim\u00e1tica, inova\u00e7\u00e3o e efici\u00eancia \u2028\u2028 Painel de apresenta\u00e7\u00e3o AESBE 40 Anos [&hellip;]<\/p>\n","protected":false},"author":1,"featured_media":0,"parent":0,"menu_order":0,"comment_status":"closed","ping_status":"closed","template":"elementor_header_footer","meta":{"footnotes":""},"class_list":["post-183","page","type-page","status-publish","hentry"],"_links":{"self":[{"href":"https:\/\/www.aesbe.org.br\/universalizar\/wp-json\/wp\/v2\/pages\/183","targetHints":{"allow":["GET"]}}],"collection":[{"href":"https:\/\/www.aesbe.org.br\/universalizar\/wp-json\/wp\/v2\/pages"}],"about":[{"href":"https:\/\/www.aesbe.org.br\/universalizar\/wp-json\/wp\/v2\/types\/page"}],"author":[{"embeddable":true,"href":"https:\/\/www.aesbe.org.br\/universalizar\/wp-json\/wp\/v2\/users\/1"}],"replies":[{"embeddable":true,"href":"https:\/\/www.aesbe.org.br\/universalizar\/wp-json\/wp\/v2\/comments?post=183"}],"version-history":[{"count":28,"href":"https:\/\/www.aesbe.org.br\/universalizar\/wp-json\/wp\/v2\/pages\/183\/revisions"}],"predecessor-version":[{"id":436,"href":"https:\/\/www.aesbe.org.br\/universalizar\/wp-json\/wp\/v2\/pages\/183\/revisions\/436"}],"wp:attachment":[{"href":"https:\/\/www.aesbe.org.br\/universalizar\/wp-json\/wp\/v2\/media?parent=183"}],"curies":[{"name":"wp","href":"https:\/\/api.w.org\/{rel}","templated":true}]}}